{"id":932,"date":"2015-11-06T22:32:42","date_gmt":"2015-11-06T22:32:42","guid":{"rendered":"https:\/\/www.hipnoterapiasocial.com.br\/hs\/?page_id=932"},"modified":"2015-11-07T01:32:41","modified_gmt":"2015-11-07T01:32:41","slug":"audio-para-concentracao-gratis","status":"publish","type":"page","link":"https:\/\/www.hipnoterapiasocial.com.br\/hs\/cadastro\/audio-para-concentracao-gratis\/","title":{"rendered":"\u00c1udio para concentra\u00e7\u00e3o &#8211; Gr\u00e1tis!"},"content":{"rendered":"","protected":false},"excerpt":{"rendered":"","protected":false},"author":1,"featured_media":933,"parent":254,"menu_order":0,"comment_status":"closed","ping_status":"closed","template":"sp-ebook-1.php","meta":{"_joinchat":[],"footnotes":""},"class_list":["post-932","page","type-page","status-publish","has-post-thumbnail","hentry"],"_links":{"self":[{"href":"https:\/\/www.hipnoterapiasocial.com.br\/hs\/wp-json\/wp\/v2\/pages\/932","targetHints":{"allow":["GET"]}}],"collection":[{"href":"https:\/\/www.hipnoterapiasocial.com.br\/hs\/wp-json\/wp\/v2\/pages"}],"about":[{"href":"https:\/\/www.hipnoterapiasocial.com.br\/hs\/wp-json\/wp\/v2\/types\/page"}],"author":[{"embeddable":true,"href":"https:\/\/www.hipnoterapiasocial.com.br\/hs\/wp-json\/wp\/v2\/users\/1"}],"replies":[{"embeddable":true,"href":"https:\/\/www.hipnoterapiasocial.com.br\/hs\/wp-json\/wp\/v2\/comments?post=932"}],"version-history":[{"count":0,"href":"https:\/\/www.hipnoterapiasocial.com.br\/hs\/wp-json\/wp\/v2\/pages\/932\/revisions"}],"up":[{"embeddable":true,"href":"https:\/\/www.hipnoterapiasocial.com.br\/hs\/wp-json\/wp\/v2\/pages\/254"}],"wp:featuredmedia":[{"embeddable":true,"href":"https:\/\/www.hipnoterapiasocial.com.br\/hs\/wp-json\/wp\/v2\/media\/933"}],"wp:attachment":[{"href":"https:\/\/www.hipnoterapiasocial.com.br\/hs\/wp-json\/wp\/v2\/media?parent=932"}],"curies":[{"name":"wp","href":"https:\/\/api.w.org\/{rel}","templated":true}]}}