{"id":913,"date":"2015-11-04T00:33:37","date_gmt":"2015-11-04T00:33:37","guid":{"rendered":"https:\/\/www.hipnoterapiasocial.com.br\/hs\/?page_id=913"},"modified":"2015-11-04T00:35:17","modified_gmt":"2015-11-04T00:35:17","slug":"hipnocollection-andre-percia-iv-pnl-emocoes-e-reestruturacao-interna","status":"publish","type":"page","link":"https:\/\/www.hipnoterapiasocial.com.br\/hs\/cadastro\/hipnocollection-andre-percia-iv-pnl-emocoes-e-reestruturacao-interna\/","title":{"rendered":"Hipnocollection Andr\u00e9 Percia IV \u2013 PNL, Emo\u00e7\u00f5es e Reestrutura\u00e7\u00e3o Interna!"},"content":{"rendered":"","protected":false},"excerpt":{"rendered":"","protected":false},"author":1,"featured_media":914,"parent":254,"menu_order":0,"comment_status":"open","ping_status":"open","template":"sp-padrao-1.php","meta":{"_joinchat":[],"footnotes":""},"class_list":["post-913","page","type-page","status-publish","has-post-thumbnail","hentry"],"_links":{"self":[{"href":"https:\/\/www.hipnoterapiasocial.com.br\/hs\/wp-json\/wp\/v2\/pages\/913","targetHints":{"allow":["GET"]}}],"collection":[{"href":"https:\/\/www.hipnoterapiasocial.com.br\/hs\/wp-json\/wp\/v2\/pages"}],"about":[{"href":"https:\/\/www.hipnoterapiasocial.com.br\/hs\/wp-json\/wp\/v2\/types\/page"}],"author":[{"embeddable":true,"href":"https:\/\/www.hipnoterapiasocial.com.br\/hs\/wp-json\/wp\/v2\/users\/1"}],"replies":[{"embeddable":true,"href":"https:\/\/www.hipnoterapiasocial.com.br\/hs\/wp-json\/wp\/v2\/comments?post=913"}],"version-history":[{"count":0,"href":"https:\/\/www.hipnoterapiasocial.com.br\/hs\/wp-json\/wp\/v2\/pages\/913\/revisions"}],"up":[{"embeddable":true,"href":"https:\/\/www.hipnoterapiasocial.com.br\/hs\/wp-json\/wp\/v2\/pages\/254"}],"wp:featuredmedia":[{"embeddable":true,"href":"https:\/\/www.hipnoterapiasocial.com.br\/hs\/wp-json\/wp\/v2\/media\/914"}],"wp:attachment":[{"href":"https:\/\/www.hipnoterapiasocial.com.br\/hs\/wp-json\/wp\/v2\/media?parent=913"}],"curies":[{"name":"wp","href":"https:\/\/api.w.org\/{rel}","templated":true}]}}