{"id":740,"date":"2015-10-07T08:57:29","date_gmt":"2015-10-07T08:57:29","guid":{"rendered":"https:\/\/www.hipnoterapiasocial.com.br\/hs\/?page_id=740"},"modified":"2015-10-23T22:50:52","modified_gmt":"2015-10-23T22:50:52","slug":"hipnocollection-andre-percia-ii-inducao-hipnotica-e-tecnica-do-perdao","status":"publish","type":"page","link":"https:\/\/www.hipnoterapiasocial.com.br\/hs\/cadastro\/hipnocollection-andre-percia-ii-inducao-hipnotica-e-tecnica-do-perdao\/","title":{"rendered":"Hipnocollection Andr\u00e9 Percia II \u2013 Indu\u00e7\u00e3o Hipn\u00f3tica e T\u00e9cnica do \u201cPerd\u00e3o\u201d!"},"content":{"rendered":"","protected":false},"excerpt":{"rendered":"","protected":false},"author":1,"featured_media":741,"parent":254,"menu_order":0,"comment_status":"open","ping_status":"open","template":"sp-padrao-1.php","meta":{"_joinchat":[],"footnotes":""},"class_list":["post-740","page","type-page","status-publish","has-post-thumbnail","hentry"],"_links":{"self":[{"href":"https:\/\/www.hipnoterapiasocial.com.br\/hs\/wp-json\/wp\/v2\/pages\/740","targetHints":{"allow":["GET"]}}],"collection":[{"href":"https:\/\/www.hipnoterapiasocial.com.br\/hs\/wp-json\/wp\/v2\/pages"}],"about":[{"href":"https:\/\/www.hipnoterapiasocial.com.br\/hs\/wp-json\/wp\/v2\/types\/page"}],"author":[{"embeddable":true,"href":"https:\/\/www.hipnoterapiasocial.com.br\/hs\/wp-json\/wp\/v2\/users\/1"}],"replies":[{"embeddable":true,"href":"https:\/\/www.hipnoterapiasocial.com.br\/hs\/wp-json\/wp\/v2\/comments?post=740"}],"version-history":[{"count":0,"href":"https:\/\/www.hipnoterapiasocial.com.br\/hs\/wp-json\/wp\/v2\/pages\/740\/revisions"}],"up":[{"embeddable":true,"href":"https:\/\/www.hipnoterapiasocial.com.br\/hs\/wp-json\/wp\/v2\/pages\/254"}],"wp:featuredmedia":[{"embeddable":true,"href":"https:\/\/www.hipnoterapiasocial.com.br\/hs\/wp-json\/wp\/v2\/media\/741"}],"wp:attachment":[{"href":"https:\/\/www.hipnoterapiasocial.com.br\/hs\/wp-json\/wp\/v2\/media?parent=740"}],"curies":[{"name":"wp","href":"https:\/\/api.w.org\/{rel}","templated":true}]}}